{"id":6198,"date":"2023-06-20T10:45:38","date_gmt":"2023-06-20T08:45:38","guid":{"rendered":"https:\/\/camping-leschanterelles.com\/info-contacts\/"},"modified":"2025-02-18T13:57:14","modified_gmt":"2025-02-18T12:57:14","slug":"contact-info","status":"publish","type":"page","link":"https:\/\/camping-leschanterelles.com\/en\/contact-info\/","title":{"rendered":"Info &amp; contacts"},"content":{"rendered":"\n<div class=\"wp-block-group is-layout-constrained wp-container-core-group-is-layout-bbbb44a5 wp-block-group-is-layout-constrained\" style=\"padding-top:var(--wp--preset--spacing--60);padding-right:var(--wp--preset--spacing--60);padding-bottom:var(--wp--preset--spacing--60);padding-left:var(--wp--preset--spacing--60)\">\n<h1 class=\"wp-block-heading has-text-align-center has-link-color-color has-text-color\" style=\"margin-top:var(--wp--preset--spacing--60);margin-right:var(--wp--preset--spacing--60);margin-bottom:var(--wp--preset--spacing--60);margin-left:var(--wp--preset--spacing--60);padding-top:var(--wp--preset--spacing--60);padding-right:var(--wp--preset--spacing--60);padding-bottom:var(--wp--preset--spacing--60);padding-left:var(--wp--preset--spacing--60)\">Contact and access<\/h1>\n\n\n\n<div class=\"wp-block-columns is-layout-flex wp-container-core-columns-is-layout-28f84493 wp-block-columns-is-layout-flex\">\n<div class=\"wp-block-column is-vertically-aligned-top is-layout-flow wp-block-column-is-layout-flow\">\n<h2 class=\"wp-block-heading\">Contact us  <\/h2>\n\n\n\n<p>Vous avez des questions sur le <a href=\"https:\/\/camping-leschanterelles.com\/\">camping Paradis Les Chanterelles pr\u00e8s de Thiers<\/a> ? Vous souhaitez r\u00e9server votre s\u00e9jour ou obtenir un devis personnalis\u00e9 ?<\/p>\n\n\n\n<p>Don&#8217;t hesitate to contact us by phone on +33 (0) 4 44 42 00 02, by e-mail at <a href=\"mailto:campingparadisleschanterelles@alphacamping.fr\">campingparadisleschanterelles@alphacamping.fr<\/a> or via the contact form. We&#8217;ll be happy to get back to you as soon as possible.<\/p>\n<\/div>\n\n\n\n<div class=\"wp-block-column is-layout-flow wp-block-column-is-layout-flow\">\n<div class=\"wp-block-contact-form-7-contact-form-selector formulaire-contact\">\n<div class=\"wpcf7 no-js\" id=\"wpcf7-f6242-o1\" lang=\"en-US\" dir=\"ltr\" data-wpcf7-id=\"6242\">\n<div class=\"screen-reader-response\"><p role=\"status\" aria-live=\"polite\" aria-atomic=\"true\"><\/p> <ul><\/ul><\/div>\n<form action=\"\/en\/wp-json\/wp\/v2\/pages\/6198#wpcf7-f6242-o1\" method=\"post\" class=\"wpcf7-form init\" id=\"formulaire-contact\" aria-label=\"Contact form\" novalidate=\"novalidate\" data-status=\"init\">\n<div style=\"display: none;\">\n<input type=\"hidden\" name=\"_wpcf7\" value=\"6242\" \/>\n<input type=\"hidden\" name=\"_wpcf7_version\" value=\"6.0.6\" \/>\n<input type=\"hidden\" name=\"_wpcf7_locale\" value=\"en_US\" \/>\n<input type=\"hidden\" name=\"_wpcf7_unit_tag\" value=\"wpcf7-f6242-o1\" \/>\n<input type=\"hidden\" name=\"_wpcf7_container_post\" value=\"0\" \/>\n<input type=\"hidden\" name=\"_wpcf7_posted_data_hash\" value=\"\" \/>\n<input type=\"hidden\" name=\"_wpcf7_recaptcha_response\" value=\"\" \/>\n<\/div>\n<p><label> Your name<br \/>\n<span class=\"wpcf7-form-control-wrap\" data-name=\"your-name\"><input size=\"40\" maxlength=\"400\" class=\"wpcf7-form-control wpcf7-text wpcf7-validates-as-required\" autocomplete=\"name\" aria-required=\"true\" aria-invalid=\"false\" value=\"\" type=\"text\" name=\"your-name\" \/><\/span> <\/label>\n<\/p>\n<p><label> Your e-mail<br \/>\n<span class=\"wpcf7-form-control-wrap\" data-name=\"your-email\"><input size=\"40\" maxlength=\"400\" class=\"wpcf7-form-control wpcf7-email wpcf7-validates-as-required wpcf7-text wpcf7-validates-as-email\" autocomplete=\"email\" aria-required=\"true\" aria-invalid=\"false\" value=\"\" type=\"email\" name=\"your-email\" \/><\/span> <\/label>\n<\/p>\n<p><label> Object<br \/>\n<span class=\"wpcf7-form-control-wrap\" data-name=\"your-subject\"><input size=\"40\" maxlength=\"400\" class=\"wpcf7-form-control wpcf7-text wpcf7-validates-as-required\" aria-required=\"true\" aria-invalid=\"false\" value=\"\" type=\"text\" name=\"your-subject\" \/><\/span> <\/label>\n<\/p>\n<p><label> Your message<br \/>\n<span class=\"wpcf7-form-control-wrap\" data-name=\"your-message\"><textarea cols=\"40\" rows=\"10\" maxlength=\"2000\" class=\"wpcf7-form-control wpcf7-textarea\" aria-invalid=\"false\" name=\"your-message\"><\/textarea><\/span> <\/label>\n<\/p>\n<p><span class=\"wpcf7-form-control-wrap\" data-name=\"acceptance-553\"><span class=\"wpcf7-form-control wpcf7-acceptance\"><span class=\"wpcf7-list-item\"><label><input type=\"checkbox\" name=\"acceptance-553\" value=\"1\" aria-invalid=\"false\" \/><span class=\"wpcf7-list-item-label\">By checking this box, I accept the <a href=\"\/politique-de-confidentialite\/\" rel=\"nofollow\" target=\"_blank\">Privacy Policy<\/a> of this site.<\/span><\/label><\/span><\/span><\/span>\n<\/p>\n<p><input class=\"wpcf7-form-control wpcf7-submit has-spinner\" type=\"submit\" value=\"Envoyer\" \/>\n<\/p><div class=\"wpcf7-response-output\" aria-hidden=\"true\"><\/div>\n<\/form>\n<\/div>\n<\/div>\n<\/div>\n<\/div>\n\n\n\n<div class=\"wp-block-columns is-layout-flex wp-container-core-columns-is-layout-28f84493 wp-block-columns-is-layout-flex\">\n<div class=\"wp-block-column is-vertically-aligned-center is-layout-flow wp-block-column-is-layout-flow\">\n<iframe src=\"https:\/\/www.google.com\/maps\/embed?pb=!1m14!1m8!1m3!1d11105.683764962721!2d3.5986164!3d45.9028932!3m2!1i1024!2i768!4f13.1!3m3!1m2!1s0x47f6be953819483f%3A0x9e9e97155c67be5b!2sCamping%20Les%20Chanterelles%20*2A*2A*2A%20%7C%20Camping%20Paradis!5e0!3m2!1sfr!2sfr!4v1688378119483!5m2!1sfr!2sfr\" width=\"100%\" height=\"700\" style=\"border:0;\" allowfullscreen=\"\" loading=\"lazy\" referrerpolicy=\"no-referrer-when-downgrade\"><\/iframe>\n<\/div>\n\n\n\n<div class=\"wp-block-column is-vertically-aligned-center is-layout-flow wp-block-column-is-layout-flow\">\n<h2 class=\"wp-block-heading\">Coming to Camping Paradis<\/h2>\n\n\n\n<p>Camping Paradis is<strong>located<\/strong> at 710 Route de la Chaponni\u00e8re, 63550 Saint-R\u00e9my-sur-Durle. You can also use the<strong> GPS coordinates <\/strong>: 45.90350540412258, 3.598830976696076.<\/p>\n\n\n\n<p>You&#8217;ll arrive in <strong>a green and peaceful setting<\/strong>, ideal for your vacation.<\/p>\n\n\n\n<ul class=\"wp-block-list\">\n<li><strong>By car<\/strong>: You can reach the campsite by car by taking the main roads to Thiers in the Puy-de-D\u00f4me region. From here, follow the signs to the campsite.<\/li>\n\n\n\n<li><strong>By train<\/strong>: The nearest station is Thiers. From here, you can take a cab or hire a car to the campsite, which is a short drive from the station.<\/li>\n\n\n\n<li><strong>By plane<\/strong>: The nearest airport is Clermont-Ferrand Auvergne. From the airport, you can rent a car and drive to the campsite. The journey takes about an hour by car.<\/li>\n\n\n\n<li><strong>By bus<\/strong>: There are regular bus services to Thiers from several towns in the region. Once in Thiers, you can take a cab or other means of transport to the campsite.<\/li>\n\n\n\n<li><strong>Carpooling<\/strong>: You can also consider carpooling with other travelers to the same area. Online platforms offer carpooling services that can help you find a ride to the campsite.<\/li>\n<\/ul>\n<\/div>\n<\/div>\n<\/div>\n\n<div class=\"wp-block-group overflow-visible has-background is-layout-constrained wp-container-core-group-is-layout-155c3ba4 wp-block-group-is-layout-constrained\" style=\"border-top-color:var(--wp--preset--color--white);border-top-width:12rem;border-right-color:var(--wp--preset--color--white);border-bottom-color:var(--wp--preset--color--white);border-left-color:var(--wp--preset--color--white);background:linear-gradient(160deg,rgb(255,255,255) 29%,rgb(173,219,243) 29%);margin-top:0rem;margin-bottom:0;padding-top:var(--wp--preset--spacing--80);padding-bottom:8rem\">\n<figure class=\"wp-block-image size-full is-resized rellax is-style-gt-bg-image-bottom-left\"><img decoding=\"async\" sizes=\"(max-width: min(calc(100% - 15vw), 273px)) 100vw, min(calc(100% - 15vw), 273px)\" src=\"https:\/\/camping-leschanterelles.com\/wp-content\/uploads\/sites\/2\/2023\/05\/actualites-camping-paradis.png\" alt=\"news camping paradis\" class=\"wp-image-841\" style=\"width:205px;height:164px\" width=\"205\" height=\"164\"\/><\/figure>\n\n\n\n<h2 class=\"wp-block-heading has-text-align-center z-index-3 position-relative m-n-t-20 animated fadeInUp has-large-font-size\">Discover our activities, our swimming pool and our rentals<\/h2>\n\n\n\n<div class=\"wp-block-group is-content-justification-center is-layout-constrained wp-container-core-group-is-layout-1557714b wp-block-group-is-layout-constrained\">\n<hr class=\"wp-block-separator has-text-color has-link-color-color has-alpha-channel-opacity has-link-color-background-color has-background animated fadeInUp delay-200ms\"\/>\n<\/div>\n\n\n\r\n<div \r\n     \r\n    class=\"gt-maillage-block animated fadeInUp delay-100ms slow\" \r\n    style=\"\"\r\n>\r\n\r\n    \r\n        \r\n        <article \r\n    class=\"gt-cta gt-cta--post\" \r\n    style=\"aspect-ratio:1\/1\"\r\n>\r\n    <a href=\"https:\/\/camping-leschanterelles.com\/en\/randonnees-a-cheval\/\" title=\"Horseback riding\" class=\"gt-cta__link\">\r\n        <div class=\"gt-cta__thumb\">\r\n                            <img decoding=\"async\" width=\"768\" height=\"768\" src=\"https:\/\/camping-leschanterelles.com\/wp-content\/uploads\/sites\/2\/2023\/07\/0_3_resultat.webp\" class=\"attachment-full size-full wp-post-image\" alt=\"0 3 results\" srcset=\"https:\/\/camping-leschanterelles.com\/wp-content\/uploads\/sites\/2\/2023\/07\/0_3_resultat.webp 768w, https:\/\/camping-leschanterelles.com\/wp-content\/uploads\/sites\/2\/2023\/07\/0_3_resultat-300x300.webp 300w, https:\/\/camping-leschanterelles.com\/wp-content\/uploads\/sites\/2\/2023\/07\/0_3_resultat-150x150.webp 150w\" sizes=\"(max-width: 768px) 100vw, 768px\" \/>                    <\/div>\r\n        <div class=\"gt-cta__content\">\r\n            <div class=\"gt-cta__title\">\r\n                Horseback riding            <\/div>\r\n        <\/div>\r\n    <\/a>\r\n<\/article>\r\n    \r\n        <article \r\n    class=\"gt-cta gt-cta--post\" \r\n    style=\"aspect-ratio:1\/1\"\r\n>\r\n    <a href=\"https:\/\/camping-leschanterelles.com\/en\/menu-snack\/\" title=\"Snack menu\" class=\"gt-cta__link\">\r\n        <div class=\"gt-cta__thumb\">\r\n                            <img decoding=\"async\" width=\"1800\" height=\"1200\" src=\"https:\/\/camping-leschanterelles.com\/wp-content\/uploads\/sites\/2\/2023\/05\/AdobeStock_389680987-1_resultat.webp\" class=\"attachment-full size-full wp-post-image\" alt=\"AdobeStock 389680987 (1) result\" srcset=\"https:\/\/camping-leschanterelles.com\/wp-content\/uploads\/sites\/2\/2023\/05\/AdobeStock_389680987-1_resultat.webp 1800w, https:\/\/camping-leschanterelles.com\/wp-content\/uploads\/sites\/2\/2023\/05\/AdobeStock_389680987-1_resultat-300x200.webp 300w, https:\/\/camping-leschanterelles.com\/wp-content\/uploads\/sites\/2\/2023\/05\/AdobeStock_389680987-1_resultat-1024x683.webp 1024w, https:\/\/camping-leschanterelles.com\/wp-content\/uploads\/sites\/2\/2023\/05\/AdobeStock_389680987-1_resultat-768x512.webp 768w, https:\/\/camping-leschanterelles.com\/wp-content\/uploads\/sites\/2\/2023\/05\/AdobeStock_389680987-1_resultat-1536x1024.webp 1536w\" sizes=\"(max-width: 1800px) 100vw, 1800px\" \/>                    <\/div>\r\n        <div class=\"gt-cta__content\">\r\n            <div class=\"gt-cta__title\">\r\n                Snack menu            <\/div>\r\n        <\/div>\r\n    <\/a>\r\n<\/article>\r\n    \r\n        <article \r\n    class=\"gt-cta gt-cta--post\" \r\n    style=\"aspect-ratio:1\/1\"\r\n>\r\n    <a href=\"https:\/\/camping-leschanterelles.com\/en\/nautical-base\/\" title=\"The nautical base\" class=\"gt-cta__link\">\r\n        <div class=\"gt-cta__thumb\">\r\n                                            <img decoding=\"async\" width=\"1024\" height=\"574\" src=\"https:\/\/camping-leschanterelles.com\/wp-content\/uploads\/sites\/2\/2023\/07\/0_3-1_resultat.webp\" class=\"attachment-full size-full\" alt=\"0 3 1 results\" srcset=\"https:\/\/camping-leschanterelles.com\/wp-content\/uploads\/sites\/2\/2023\/07\/0_3-1_resultat.webp 1024w, https:\/\/camping-leschanterelles.com\/wp-content\/uploads\/sites\/2\/2023\/07\/0_3-1_resultat-300x168.webp 300w, https:\/\/camping-leschanterelles.com\/wp-content\/uploads\/sites\/2\/2023\/07\/0_3-1_resultat-768x431.webp 768w\" sizes=\"(max-width: 1024px) 100vw, 1024px\" \/>                    <\/div>\r\n        <div class=\"gt-cta__content\">\r\n            <div class=\"gt-cta__title\">\r\n                The nautical base            <\/div>\r\n        <\/div>\r\n    <\/a>\r\n<\/article>\r\n            \r\n<\/div><\/div>\n","protected":false},"excerpt":{"rendered":"<p>Contact and access Contact us Vous avez des questions sur le camping Paradis Les Chanterelles pr\u00e8s de Thiers ? Vous souhaitez r\u00e9server votre s\u00e9jour ou obtenir un devis personnalis\u00e9 ? Don&#8217;t hesitate to contact us by phone on +33 (0) 4 44 42 00 02, by e-mail at campingparadisleschanterelles@alphacamping.fr or via the contact form. We&#8217;ll [&hellip;]<\/p>\n","protected":false},"author":1,"featured_media":6085,"parent":0,"menu_order":31,"comment_status":"closed","ping_status":"closed","template":"","meta":{"_acf_changed":false,"footnotes":""},"class_list":["post-6198","page","type-page","status-publish","has-post-thumbnail","hentry"],"acf":[],"yoast_head":"<!-- This site is optimized with the Yoast SEO plugin v24.8.1 - https:\/\/yoast.com\/wordpress\/plugins\/seo\/ -->\n<title>Info &amp; contacts - Camping Paradis Les Chanterelles - Site Officiel - Meilleur Prix Garanti<\/title>\n<meta name=\"robots\" content=\"index, follow, max-snippet:-1, max-image-preview:large, max-video-preview:-1\" \/>\n<link rel=\"canonical\" href=\"https:\/\/camping-leschanterelles.com\/en\/contact-info\/\" \/>\n<meta property=\"og:locale\" content=\"en_US\" \/>\n<meta property=\"og:type\" content=\"article\" \/>\n<meta property=\"og:title\" content=\"Info &amp; contacts - Camping Paradis Les Chanterelles - Site Officiel - Meilleur Prix Garanti\" \/>\n<meta property=\"og:description\" content=\"Contact and access Contact us Vous avez des questions sur le camping Paradis Les Chanterelles pr\u00e8s de Thiers ? Vous souhaitez r\u00e9server votre s\u00e9jour ou obtenir un devis personnalis\u00e9 ? Don&#8217;t hesitate to contact us by phone on +33 (0) 4 44 42 00 02, by e-mail at campingparadisleschanterelles@alphacamping.fr or via the contact form. We&#8217;ll [&hellip;]\" \/>\n<meta property=\"og:url\" content=\"https:\/\/camping-leschanterelles.com\/en\/contact-info\/\" \/>\n<meta property=\"og:site_name\" content=\"Camping Paradis Les Chanterelles - Site Officiel - Meilleur Prix Garanti\" \/>\n<meta property=\"article:modified_time\" content=\"2025-02-18T12:57:14+00:00\" \/>\n<meta property=\"og:image\" content=\"http:\/\/camping-leschanterelles.com\/wp-content\/uploads\/sites\/2\/2023\/07\/AdobeStock_146161267-copie.webp\" \/>\n\t<meta property=\"og:image:width\" content=\"1600\" \/>\n\t<meta property=\"og:image:height\" content=\"427\" \/>\n\t<meta property=\"og:image:type\" content=\"image\/webp\" \/>\n<meta name=\"twitter:card\" content=\"summary_large_image\" \/>\n<meta name=\"twitter:label1\" content=\"Est. reading time\" \/>\n\t<meta name=\"twitter:data1\" content=\"1 minute\" \/>\n<script type=\"application\/ld+json\" class=\"yoast-schema-graph\">{\"@context\":\"https:\/\/schema.org\",\"@graph\":[{\"@type\":\"WebPage\",\"@id\":\"https:\/\/camping-leschanterelles.com\/en\/contact-info\/\",\"url\":\"https:\/\/camping-leschanterelles.com\/en\/contact-info\/\",\"name\":\"Info &amp; contacts - Camping Paradis Les Chanterelles - Site Officiel - Meilleur Prix Garanti\",\"isPartOf\":{\"@id\":\"https:\/\/camping-leschanterelles.com\/en\/#website\"},\"primaryImageOfPage\":{\"@id\":\"https:\/\/camping-leschanterelles.com\/en\/contact-info\/#primaryimage\"},\"image\":{\"@id\":\"https:\/\/camping-leschanterelles.com\/en\/contact-info\/#primaryimage\"},\"thumbnailUrl\":\"https:\/\/camping-leschanterelles.com\/wp-content\/uploads\/sites\/2\/2023\/07\/AdobeStock_146161267-copie.webp\",\"datePublished\":\"2023-06-20T08:45:38+00:00\",\"dateModified\":\"2025-02-18T12:57:14+00:00\",\"breadcrumb\":{\"@id\":\"https:\/\/camping-leschanterelles.com\/en\/contact-info\/#breadcrumb\"},\"inLanguage\":\"en-US\",\"potentialAction\":[{\"@type\":\"ReadAction\",\"target\":[\"https:\/\/camping-leschanterelles.com\/en\/contact-info\/\"]}]},{\"@type\":\"ImageObject\",\"inLanguage\":\"en-US\",\"@id\":\"https:\/\/camping-leschanterelles.com\/en\/contact-info\/#primaryimage\",\"url\":\"https:\/\/camping-leschanterelles.com\/wp-content\/uploads\/sites\/2\/2023\/07\/AdobeStock_146161267-copie.webp\",\"contentUrl\":\"https:\/\/camping-leschanterelles.com\/wp-content\/uploads\/sites\/2\/2023\/07\/AdobeStock_146161267-copie.webp\",\"width\":1600,\"height\":427,\"caption\":\"AdobeStock 146161267 copy\"},{\"@type\":\"BreadcrumbList\",\"@id\":\"https:\/\/camping-leschanterelles.com\/en\/contact-info\/#breadcrumb\",\"itemListElement\":[{\"@type\":\"ListItem\",\"position\":1,\"name\":\"Home\",\"item\":\"http:\/\/camping-leschanterelles.com\/en\/\"},{\"@type\":\"ListItem\",\"position\":2,\"name\":\"Info &amp; contacts\"}]},{\"@type\":\"WebSite\",\"@id\":\"https:\/\/camping-leschanterelles.com\/en\/#website\",\"url\":\"https:\/\/camping-leschanterelles.com\/en\/\",\"name\":\"Camping Paradis Les Chanterelles - Site Officiel - Meilleur Prix Garanti\",\"description\":\"\",\"publisher\":{\"@id\":\"https:\/\/camping-leschanterelles.com\/en\/#organization\"},\"potentialAction\":[{\"@type\":\"SearchAction\",\"target\":{\"@type\":\"EntryPoint\",\"urlTemplate\":\"https:\/\/camping-leschanterelles.com\/en\/?s={search_term_string}\"},\"query-input\":{\"@type\":\"PropertyValueSpecification\",\"valueRequired\":true,\"valueName\":\"search_term_string\"}}],\"inLanguage\":\"en-US\"},{\"@type\":\"Organization\",\"@id\":\"https:\/\/camping-leschanterelles.com\/en\/#organization\",\"name\":\"Camping Paradis Les Chanterelles - Site Officiel - Meilleur Prix Garanti\",\"url\":\"https:\/\/camping-leschanterelles.com\/en\/\",\"logo\":{\"@type\":\"ImageObject\",\"inLanguage\":\"en-US\",\"@id\":\"https:\/\/camping-leschanterelles.com\/en\/#\/schema\/logo\/image\/\",\"url\":\"https:\/\/camping-leschanterelles.com\/wp-content\/uploads\/sites\/2\/2023\/06\/camping-paradis.png\",\"contentUrl\":\"https:\/\/camping-leschanterelles.com\/wp-content\/uploads\/sites\/2\/2023\/06\/camping-paradis.png\",\"width\":800,\"height\":492,\"caption\":\"Camping Paradis Les Chanterelles - Site Officiel - Meilleur Prix Garanti\"},\"image\":{\"@id\":\"https:\/\/camping-leschanterelles.com\/en\/#\/schema\/logo\/image\/\"}}]}<\/script>\n<!-- \/ Yoast SEO plugin. -->","yoast_head_json":{"title":"Info &amp; contacts - Camping Paradis Les Chanterelles - Site Officiel - Meilleur Prix Garanti","robots":{"index":"index","follow":"follow","max-snippet":"max-snippet:-1","max-image-preview":"max-image-preview:large","max-video-preview":"max-video-preview:-1"},"canonical":"https:\/\/camping-leschanterelles.com\/en\/contact-info\/","og_locale":"en_US","og_type":"article","og_title":"Info &amp; contacts - Camping Paradis Les Chanterelles - Site Officiel - Meilleur Prix Garanti","og_description":"Contact and access Contact us Vous avez des questions sur le camping Paradis Les Chanterelles pr\u00e8s de Thiers ? Vous souhaitez r\u00e9server votre s\u00e9jour ou obtenir un devis personnalis\u00e9 ? Don&#8217;t hesitate to contact us by phone on +33 (0) 4 44 42 00 02, by e-mail at campingparadisleschanterelles@alphacamping.fr or via the contact form. We&#8217;ll [&hellip;]","og_url":"https:\/\/camping-leschanterelles.com\/en\/contact-info\/","og_site_name":"Camping Paradis Les Chanterelles - Site Officiel - Meilleur Prix Garanti","article_modified_time":"2025-02-18T12:57:14+00:00","og_image":[{"width":1600,"height":427,"url":"http:\/\/camping-leschanterelles.com\/wp-content\/uploads\/sites\/2\/2023\/07\/AdobeStock_146161267-copie.webp","type":"image\/webp"}],"twitter_card":"summary_large_image","twitter_misc":{"Est. reading time":"1 minute"},"schema":{"@context":"https:\/\/schema.org","@graph":[{"@type":"WebPage","@id":"https:\/\/camping-leschanterelles.com\/en\/contact-info\/","url":"https:\/\/camping-leschanterelles.com\/en\/contact-info\/","name":"Info &amp; contacts - Camping Paradis Les Chanterelles - Site Officiel - Meilleur Prix Garanti","isPartOf":{"@id":"https:\/\/camping-leschanterelles.com\/en\/#website"},"primaryImageOfPage":{"@id":"https:\/\/camping-leschanterelles.com\/en\/contact-info\/#primaryimage"},"image":{"@id":"https:\/\/camping-leschanterelles.com\/en\/contact-info\/#primaryimage"},"thumbnailUrl":"https:\/\/camping-leschanterelles.com\/wp-content\/uploads\/sites\/2\/2023\/07\/AdobeStock_146161267-copie.webp","datePublished":"2023-06-20T08:45:38+00:00","dateModified":"2025-02-18T12:57:14+00:00","breadcrumb":{"@id":"https:\/\/camping-leschanterelles.com\/en\/contact-info\/#breadcrumb"},"inLanguage":"en-US","potentialAction":[{"@type":"ReadAction","target":["https:\/\/camping-leschanterelles.com\/en\/contact-info\/"]}]},{"@type":"ImageObject","inLanguage":"en-US","@id":"https:\/\/camping-leschanterelles.com\/en\/contact-info\/#primaryimage","url":"https:\/\/camping-leschanterelles.com\/wp-content\/uploads\/sites\/2\/2023\/07\/AdobeStock_146161267-copie.webp","contentUrl":"https:\/\/camping-leschanterelles.com\/wp-content\/uploads\/sites\/2\/2023\/07\/AdobeStock_146161267-copie.webp","width":1600,"height":427,"caption":"AdobeStock 146161267 copy"},{"@type":"BreadcrumbList","@id":"https:\/\/camping-leschanterelles.com\/en\/contact-info\/#breadcrumb","itemListElement":[{"@type":"ListItem","position":1,"name":"Home","item":"http:\/\/camping-leschanterelles.com\/en\/"},{"@type":"ListItem","position":2,"name":"Info &amp; contacts"}]},{"@type":"WebSite","@id":"https:\/\/camping-leschanterelles.com\/en\/#website","url":"https:\/\/camping-leschanterelles.com\/en\/","name":"Camping Paradis Les Chanterelles - Site Officiel - Meilleur Prix Garanti","description":"","publisher":{"@id":"https:\/\/camping-leschanterelles.com\/en\/#organization"},"potentialAction":[{"@type":"SearchAction","target":{"@type":"EntryPoint","urlTemplate":"https:\/\/camping-leschanterelles.com\/en\/?s={search_term_string}"},"query-input":{"@type":"PropertyValueSpecification","valueRequired":true,"valueName":"search_term_string"}}],"inLanguage":"en-US"},{"@type":"Organization","@id":"https:\/\/camping-leschanterelles.com\/en\/#organization","name":"Camping Paradis Les Chanterelles - Site Officiel - Meilleur Prix Garanti","url":"https:\/\/camping-leschanterelles.com\/en\/","logo":{"@type":"ImageObject","inLanguage":"en-US","@id":"https:\/\/camping-leschanterelles.com\/en\/#\/schema\/logo\/image\/","url":"https:\/\/camping-leschanterelles.com\/wp-content\/uploads\/sites\/2\/2023\/06\/camping-paradis.png","contentUrl":"https:\/\/camping-leschanterelles.com\/wp-content\/uploads\/sites\/2\/2023\/06\/camping-paradis.png","width":800,"height":492,"caption":"Camping Paradis Les Chanterelles - Site Officiel - Meilleur Prix Garanti"},"image":{"@id":"https:\/\/camping-leschanterelles.com\/en\/#\/schema\/logo\/image\/"}}]}},"_links":{"self":[{"href":"https:\/\/camping-leschanterelles.com\/en\/wp-json\/wp\/v2\/pages\/6198","targetHints":{"allow":["GET"]}}],"collection":[{"href":"https:\/\/camping-leschanterelles.com\/en\/wp-json\/wp\/v2\/pages"}],"about":[{"href":"https:\/\/camping-leschanterelles.com\/en\/wp-json\/wp\/v2\/types\/page"}],"author":[{"embeddable":true,"href":"https:\/\/camping-leschanterelles.com\/en\/wp-json\/wp\/v2\/users\/1"}],"replies":[{"embeddable":true,"href":"https:\/\/camping-leschanterelles.com\/en\/wp-json\/wp\/v2\/comments?post=6198"}],"version-history":[{"count":7,"href":"https:\/\/camping-leschanterelles.com\/en\/wp-json\/wp\/v2\/pages\/6198\/revisions"}],"predecessor-version":[{"id":33232,"href":"https:\/\/camping-leschanterelles.com\/en\/wp-json\/wp\/v2\/pages\/6198\/revisions\/33232"}],"wp:featuredmedia":[{"embeddable":true,"href":"https:\/\/camping-leschanterelles.com\/en\/wp-json\/wp\/v2\/media\/6085"}],"wp:attachment":[{"href":"https:\/\/camping-leschanterelles.com\/en\/wp-json\/wp\/v2\/media?parent=6198"}],"curies":[{"name":"wp","href":"https:\/\/api.w.org\/{rel}","templated":true}]}}